{"id":5521,"date":"2025-08-22T14:34:06","date_gmt":"2025-08-22T14:34:06","guid":{"rendered":"https:\/\/highllnewarsaw.org\/information-clause-for-job-candidate\/"},"modified":"2025-10-10T14:46:12","modified_gmt":"2025-10-10T14:46:12","slug":"information-clause-for-job-candidate","status":"publish","type":"page","link":"https:\/\/highllnewarsaw.org\/en\/information-clause-for-job-candidate\/","title":{"rendered":"Information clause for job candidate"},"content":{"rendered":"\t\t<div data-elementor-type=\"wp-page\" data-elementor-id=\"5521\" class=\"elementor elementor-5521 elementor-5125\" data-elementor-post-type=\"page\">\n\t\t\t\t<div data-particle_enable=\"false\" data-particle-mobile-disabled=\"false\" class=\"elementor-element elementor-element-096d1b5 e-flex e-con-boxed e-con e-parent\" data-id=\"096d1b5\" data-element_type=\"container\" data-settings=\"{&quot;background_background&quot;:&quot;classic&quot;}\">\n\t\t\t\t\t<div class=\"e-con-inner\">\n\t\t\t\t<div class=\"elementor-element elementor-element-e383733 elementor-widget__width-initial elementor-invisible elementor-widget elementor-widget-heading\" data-id=\"e383733\" data-element_type=\"widget\" data-settings=\"{&quot;_animation&quot;:&quot;fadeInUp&quot;}\" data-widget_type=\"heading.default\">\n\t\t\t\t<div class=\"elementor-widget-container\">\n\t\t\t\t\t<h1 class=\"elementor-heading-title elementor-size-default\">DATA OF CANDIDATES FOR WORK.\n<\/h1>\t\t\t\t<\/div>\n\t\t\t\t<\/div>\n\t\t\t\t\t<\/div>\n\t\t\t\t<\/div>\n\t\t<div data-particle_enable=\"false\" data-particle-mobile-disabled=\"false\" class=\"elementor-element elementor-element-d3c1b86 e-flex e-con-boxed e-con e-parent\" data-id=\"d3c1b86\" data-element_type=\"container\">\n\t\t\t\t\t<div class=\"e-con-inner\">\n\t\t\t\t<div class=\"elementor-element elementor-element-b33f378 elementor-widget__width-initial elementor-widget elementor-widget-text-editor\" data-id=\"b33f378\" data-element_type=\"widget\" data-widget_type=\"text-editor.default\">\n\t\t\t\t<div class=\"elementor-widget-container\">\n\t\t\t\t\t\t\t\t\tRODO information clause for job candidate\n<h5>Table of contents<\/h5>\n<ul>\n \t<li><a href=\"#administrator\">1. administrator<\/a><\/li>\n \t<li><a href=\"#kontakt\">2. contact the administrator<\/a><\/li>\n \t<li><a href=\"#cele\">3. purposes and legal basis for processing<\/a><\/li>\n \t<li><a href=\"#odbiorcy\">4 Data recipients<\/a><\/li>\n \t<li><a href=\"#pozaeog\">5. processing outside the EEA<\/a><\/li>\n \t<li><a href=\"#okres\">6. data retention period<\/a><\/li>\n \t<li><a href=\"#prawa\">7 Rights of data subjects<\/a><\/li>\n \t<li><a href=\"#cofniecie\">8. right to withdraw consent<\/a><\/li>\n \t<li><a href=\"#skarga\">9. right to lodge a complaint with the authority<\/a><\/li>\n \t<li><a href=\"#dobrowolnosc\">10. voluntariness of providing data<\/a><\/li>\n \t<li><a href=\"#profilowanie\">11. profiling<\/a><\/li>\n<\/ul>\n<section id=\"administrator\">\n<h5>1. administrator<\/h5>\nThe Administrator of the Employee&#8217;s personal data is the Employer, MAGNICITY WARSAW sp\u00f3\u0142ka z ograniczon\u0105 odpowiedzialno\u015bci\u0105 with its registered office in Warsaw (address: ul. Z\u0142ota 59, 00-120 Warsaw), entered in the register of entrepreneurs kept by the District Court for the City of Warsaw in Warsaw, XII Economic Department of the National Court Register, under the number 0001043051, REGON 525637863, NIP 5252961210. \n\n<\/section><section id=\"kontakt\">\n<h5>2. contact the administrator<\/h5>\nThe Administrator can be contacted by postal mail at the registered office address indicated above or by email at <a href=\"mailto:info@highllnewarsaw.org\">info@highllnewarsaw.org.<\/a>\n\n<\/section><section id=\"cele\">\n<h5>3. purposes and legal basis for processing<\/h5>\nYour personal data will be processed for the following purposes, based on the following legal grounds:\n\na. for recruitment purposes, which includes contact: \n\ni. in the case of employment based on an employment contract, as it is necessary for the performance of obligations under the law; such processing includes the following personal data: (names) and surname, date of birth, contact details indicated by the candidate, education, professional qualifications, history of previous employment (based on Art. 6(1)(c) of the DPA in connection with Article 22, cf. 1 \u00a7 1 of the Labor Code) and, to a greater extent than indicated above, on the basis of voluntary consent, which the Administrator considers to be the sending of a resume and\/or cover letter or the filling out of a recruitment form and the submission of them on the candidate&#8217;s own initiative (Article 6(1)(a) of the DPA); \n\nii. in the case of employment based on a civil law contract, as it is necessary to take pre-contractual action at the request of the candidate(s) (Article 6(1)(b) of the DPA); \n\niii. in the case of employment of a foreigner based on an employment contract or a civil law contract, in addition to the grounds indicated under lit. a and b above, also for the purpose of verifying the legality of the employment or for the purpose of carrying out the employment legalization procedure due to the Administrator&#8217;s obligation under the provisions of the Act on Foreigners, the Act on Employment Promotion and Labor Market Institutions and the Act on the Consequences of Entrusting Work to Foreigners Unlawfully Present on the Territory of the Republic of Poland (Article 6(1)(c) of the DPA) and because it is necessary for the conclusion and performance of the contract (Article 6(1)(b) of the DPA); \n\nb. for the purpose of conducting future recruitment processes on the basis of the candidate&#8217;s voluntary consent, if given (Article 6(1)(a) of the DPA); \n\nc. archiving of documentation and communications, including correspondence produced by the Administrator in the course of its business activities, due to its legitimate interest, which is the necessity to document evidence of its activities, among other things, in accordance with applicable regulations, and the use of archived material for the purpose of investigating, establishing or defending against claims (Article 6(1)(f) RODO).  \n\n<\/section><section id=\"odbiorcy\">\n<h5>4 Data recipients<\/h5>\nThe Administrator has the right to transfer your personal data to other recipients if it is necessary to achieve the purpose of processing, i.e.: entities that provide IT support services to the Administrator, including IT systems maintenance and servicing, data hosting and cloud services, our authorized employees and associates, postal and courier operators, law firms, auditors, banks, insurers, cooperating recruitment agencies and administrators of recruitment portals e.g.. e-recruiter, <a href=\"https:\/\/www.pracuj.pl\" target=\"_blank\" rel=\"noopener\">pracuj.pl<\/a>, <a href=\"https:\/\/www.linkedin.com\" target=\"_blank\" rel=\"noopener\">linkedin<\/a>; entities responsible for archiving or destroying data, in the case of candidates from the management level &#8211; companies in the capital group for internal administrative purposes (based on Article 6(1)(f) of the RODO).\n\n<\/section><section id=\"pozaeog\">\n<h5>5. processing outside the EEA<\/h5>\nAt some stage of processing, your personal data may be transferred to a third country (i.e., a country outside the European Economic Area). Such transfer of your personal data may take place on the basis of standard safeguard clauses (based on Article 46(2)(c) and (d) of the RODO) or on the basis of another mechanism that is lawful and legalizes such transfer and will provide adequate guarantees for the protection of personal data in accordance with the applicable legal provisions in this regard. The transfer to the United States is based on the decision of the European Commission dated 10\/07\/2023, finding an adequate level of personal data protection provided under the EU-US data protection framework (Article 45 RODO).\n\n<\/section><section id=\"okres\">\n<h5>6. data retention period<\/h5>\nPersonal data will be processed for 6 months from the date of submission of the recruitment application, during which time the data will be anonymized. In the case of consent for future recruitment, personal data will be processed until the candidate withdraws his\/her consent to the processing of personal data, but for no longer than 12 from the submission of the recruitment application. \n\n<\/section><section id=\"prawa\">\n<h5>7 Rights of data subjects<\/h5>\nYou have the right to request from the Administrator access to personal data concerning you, rectification, erasure, restriction of processing and data portability. You have the right to object to the processing of your personal data for the purpose of pursuing the legitimate interests of the Controller, whereby the right to object will not be exercised if there are valid legitimate grounds for processing that override your interests, rights and freedoms. \n\n<\/section><section id=\"cofniecie\">\n<h5>8. right to withdraw consent<\/h5>\nYou have the right to withdraw your consent at any time, as long as the processing is based on the consent previously given; withdrawal of consent to data processing does not affect the lawfulness of the processing carried out on the basis of the consent given before its withdrawal.\n\n<\/section><section id=\"skarga\">\n<h5>9. right to lodge a complaint with the authority<\/h5>\nYou have the right to complain about the actions of the Administrator to the competent supervisory authority, in particular in the country of your habitual residence, your place of work or the place where the alleged violation was committed. In Poland, the supervisory authority is the President of the Office for Personal Data Protection.\n\n<\/section><section id=\"dobrowolnosc\">\n<h5>10. voluntariness of providing data<\/h5>\nYour provision of personal data is voluntary. Failure to provide data will result in inability to participate in the recruitment process. If you fail to provide data processed on the basis of consent, this fact will not affect your participation in the recruitment process and selection of the candidate.  \n\n<\/section><section id=\"profilowanie\">\n<h5>11. profiling<\/h5>\nAutomated decision-making, including profiling, will not be undertaken with respect to you.\n\n<\/section>\t\t\t\t\t\t\t\t<\/div>\n\t\t\t\t<\/div>\n\t\t\t\t\t<\/div>\n\t\t\t\t<\/div>\n\t\t\t\t<\/div>\n\t\t","protected":false},"excerpt":{"rendered":"<p>DATA OF CANDIDATES FOR WORK. RODO information clause for job candidate Table of contents 1. administrator 2. contact the administrator 3. purposes and legal basis for processing 4 Data recipients 5. processing outside the EEA 6. data retention period 7 Rights of data subjects 8. right to withdraw consent 9. right to lodge a complaint [&hellip;]<\/p>\n","protected":false},"author":3,"featured_media":0,"parent":0,"menu_order":0,"comment_status":"closed","ping_status":"closed","template":"","meta":{"footnotes":""},"class_list":["post-5521","page","type-page","status-publish","hentry"],"_links":{"self":[{"href":"https:\/\/highllnewarsaw.org\/en\/wp-json\/wp\/v2\/pages\/5521","targetHints":{"allow":["GET"]}}],"collection":[{"href":"https:\/\/highllnewarsaw.org\/en\/wp-json\/wp\/v2\/pages"}],"about":[{"href":"https:\/\/highllnewarsaw.org\/en\/wp-json\/wp\/v2\/types\/page"}],"author":[{"embeddable":true,"href":"https:\/\/highllnewarsaw.org\/en\/wp-json\/wp\/v2\/users\/3"}],"replies":[{"embeddable":true,"href":"https:\/\/highllnewarsaw.org\/en\/wp-json\/wp\/v2\/comments?post=5521"}],"version-history":[{"count":5,"href":"https:\/\/highllnewarsaw.org\/en\/wp-json\/wp\/v2\/pages\/5521\/revisions"}],"predecessor-version":[{"id":6063,"href":"https:\/\/highllnewarsaw.org\/en\/wp-json\/wp\/v2\/pages\/5521\/revisions\/6063"}],"wp:attachment":[{"href":"https:\/\/highllnewarsaw.org\/en\/wp-json\/wp\/v2\/media?parent=5521"}],"curies":[{"name":"wp","href":"https:\/\/api.w.org\/{rel}","templated":true}]}}